{"id":102,"date":"2020-01-27T12:15:49","date_gmt":"2020-01-27T11:15:49","guid":{"rendered":"http:\/\/frauenarzt-reinbek.de\/TEST\/wordpress_koch\/?page_id=8"},"modified":"2025-02-24T10:38:10","modified_gmt":"2025-02-24T09:38:10","slug":"startseite","status":"publish","type":"page","link":"http:\/\/www.tierarztpraxis-koch.de\/en\/","title":{"rendered":"Herein spaziert!"},"content":{"rendered":"\n<p>Wir begr\u00fc\u00dfen Sie herzlich auf der Internetseite Ihres Tierarztes Dr. Christian Koch.&nbsp;<\/p>\n\n\n\n<p>Sehr gerne sind wir f\u00fcr Sie und Ihren Liebling zu unseren&nbsp;<strong>Sprechstunden<\/strong>&nbsp;da und stehen Ihnen mit unseren langj\u00e4hrigen Erfahrungen in allen Belangen tatkr\u00e4ftig zur Seite.<\/p>\n\n\n\n<p><strong>Sie finden uns am<\/strong>&nbsp;<strong>Lichtenrader Damm 39, 12305 Berlin&nbsp;<\/strong>im Erdgeschoss (Bushaltestelle M76 direkt vor dem Haus).<\/p>\n\n\n\n<p>Um l\u00e4ngere Wartezeiten zu vermeiden, k\u00fcndigen Sie gerne Ihren Besuch unter der&nbsp;<strong>Telefonnummer 030 670 376 57<\/strong>&nbsp;oder per <strong>E-Mail<\/strong><strong>:<\/strong><strong>&nbsp;tierarztpraxisdrkoch[at]web.de&nbsp;<\/strong><strong>an.<\/strong><\/p>\n\n\n\n<p><strong>Bitte beachten Sie unsere leicht ver\u00e4nderten Sprechzeiten!<\/strong><\/p>\n\n\n\n<p><strong>Au\u00dferhalb der \u00d6ffnungszeiten k\u00f6nnen Sie unter den genannten Kontaktm\u00f6glichkeiten gerne Ihre Nachricht hinterlassen. Wir melden uns zeitnah zur\u00fcck, um mit Ihnen die weiteren Schritte zu besprechen.<\/strong><\/p>\n\n\n\n<p class=\"has-vivid-red-color has-text-color has-link-color wp-elements-c9365267f914bd71ea50e5e539e3962b\"><\/p>\n","protected":false},"excerpt":{"rendered":"<p>Wir begr\u00fc\u00dfen Sie herzlich auf der Internetseite Ihres Tierarztes Dr. Christian Koch.&nbsp; Sehr gerne sind wir f\u00fcr Sie und Ihren Liebling zu unseren&nbsp;Sprechstunden&nbsp;da und stehen Ihnen mit unseren langj\u00e4hrigen Erfahrungen in allen Belangen tatkr\u00e4ftig zur Seite. Sie finden uns am&nbsp;Lichtenrader Damm 39, 12305 Berlin&nbsp;im Erdgeschoss (Bushaltestelle M76 direkt vor dem Haus). Um l\u00e4ngere Wartezeiten zu &hellip; <\/p>\n<p class=\"link-more\"><a href=\"http:\/\/www.tierarztpraxis-koch.de\/en\/\" class=\"more-link\">Continue reading<span class=\"screen-reader-text\"> &#8220;Herein spaziert!&#8221;<\/span><\/a><\/p>\n","protected":false},"author":2,"featured_media":0,"parent":0,"menu_order":0,"comment_status":"closed","ping_status":"closed","template":"","meta":{"footnotes":""},"translation":{"provider":"WPGlobus","version":"2.12.2","language":"en","enabled_languages":["de","en","tr"],"languages":{"de":{"title":true,"content":true,"excerpt":false},"en":{"title":false,"content":false,"excerpt":false},"tr":{"title":true,"content":true,"excerpt":false}}},"_links":{"self":[{"href":"http:\/\/www.tierarztpraxis-koch.de\/en\/wp-json\/wp\/v2\/pages\/102"}],"collection":[{"href":"http:\/\/www.tierarztpraxis-koch.de\/en\/wp-json\/wp\/v2\/pages"}],"about":[{"href":"http:\/\/www.tierarztpraxis-koch.de\/en\/wp-json\/wp\/v2\/types\/page"}],"author":[{"embeddable":true,"href":"http:\/\/www.tierarztpraxis-koch.de\/en\/wp-json\/wp\/v2\/users\/2"}],"replies":[{"embeddable":true,"href":"http:\/\/www.tierarztpraxis-koch.de\/en\/wp-json\/wp\/v2\/comments?post=102"}],"version-history":[{"count":37,"href":"http:\/\/www.tierarztpraxis-koch.de\/en\/wp-json\/wp\/v2\/pages\/102\/revisions"}],"predecessor-version":[{"id":277,"href":"http:\/\/www.tierarztpraxis-koch.de\/en\/wp-json\/wp\/v2\/pages\/102\/revisions\/277"}],"wp:attachment":[{"href":"http:\/\/www.tierarztpraxis-koch.de\/en\/wp-json\/wp\/v2\/media?parent=102"}],"curies":[{"name":"wp","href":"https:\/\/api.w.org\/{rel}","templated":true}]}}