{"id":12,"date":"2020-01-27T12:15:49","date_gmt":"2020-01-27T11:15:49","guid":{"rendered":"http:\/\/frauenarzt-reinbek.de\/TEST\/wordpress_koch\/?page_id=12"},"modified":"2026-03-30T12:42:58","modified_gmt":"2026-03-30T10:42:58","slug":"ein-startseiten-abschnitt","status":"publish","type":"page","link":"http:\/\/www.tierarztpraxis-koch.de\/en\/ein-startseiten-abschnitt\/","title":{"rendered":"Unser Team"},"content":{"rendered":"\n<p>Nachfolgend erfahren Sie, wer wir sind, wie wir arbeiten und stellen Ihnen unsere Leistungen vor.<\/p>\n\n\n\n<p><img loading=\"lazy\" decoding=\"async\" width=\"150\" height=\"225\" class=\"wp-image-45\" style=\"width: 150px;\" src=\"http:\/\/www.tierarztpraxis-koch.de\/wp-content\/uploads\/2020\/01\/IMG_6583.jpg\" alt=\"\" srcset=\"http:\/\/www.tierarztpraxis-koch.de\/wp-content\/uploads\/2020\/01\/IMG_6583.jpg 450w, http:\/\/www.tierarztpraxis-koch.de\/wp-content\/uploads\/2020\/01\/IMG_6583-200x300.jpg 200w\" sizes=\"(max-width: 150px) 100vw, 150px\" \/><\/p>\n\n\n\n<p><strong>Dr. Christian Koch mit Mops Caramba <\/strong><\/p>\n\n\n\n<ul>\n<li>Studium der Veterin\u00e4rmedizin an der FU-Berlin 1996-2002<\/li>\n\n\n\n<li> 2002-2007 Assistenz- und Vertretungstierarzt in verschiedenen tier\u00e4rztlichen Praxen<\/li>\n\n\n\n<li> 2005 Promotion zum Thema &#8220;Histologische Evaluation eines bioaktiven Implantats zur Spondylodese der Halswirbels\u00e4ule: eine experimentelle Studie am Schaf\u201c<\/li>\n\n\n\n<li> 2007 Niederlassung in der Kleintierpraxis Dr. Koch<\/li>\n\n\n\n<li>Seit fr\u00fcher Kindheit passionierter Meerschweinchenhalter und langj\u00e4hriger Z\u00fcchter (<a href=\"http:\/\/www.van-barnim.de\">http:\/\/www.van-barnim.de<\/a>)<\/li>\n\n\n\n<li> Mopshalter seit 2009<\/li>\n<\/ul>\n\n\n\n<p><img loading=\"lazy\" decoding=\"async\" width=\"150\" height=\"225\" class=\"wp-image-46\" style=\"width: 150px;\" src=\"http:\/\/www.tierarztpraxis-koch.de\/wp-content\/uploads\/2020\/01\/IMG_6582.jpg\" alt=\"\" srcset=\"http:\/\/www.tierarztpraxis-koch.de\/wp-content\/uploads\/2020\/01\/IMG_6582.jpg 450w, http:\/\/www.tierarztpraxis-koch.de\/wp-content\/uploads\/2020\/01\/IMG_6582-200x300.jpg 200w\" sizes=\"(max-width: 150px) 100vw, 150px\" \/><\/p>\n\n\n\n<p><strong>Selvi Sara Sanlilar mit H\u00fcndin Lilith<\/strong> <\/p>\n\n\n\n<p>Meine Ausbildung zur Tiermedizinischen Fachangestellten habe ich von 1990 bis 1993 in einer Steglitzer Tierarztpraxis absolviert und war dort (abgesehen von einer l\u00e4ngeren Kinderpause) bis zum April 2020 t\u00e4tig.<\/p>\n\n\n\n<p>Neben meiner beruflichen T\u00e4tigkeit konnte ich durch meine langj\u00e4hrige Zucht von Meerschweinchen und Kaninchen, auch auf diesem Gebiet viele Erfahrungen sammeln. Heute pflege ich eine bunte Truppe dieser liebenswerten Gesellen und freue mich das Verhalten und bunte Treiben zu beobachten.<\/p>\n\n\n\n<p>Meine Freizeit verbringe ich u. a. mit meiner H\u00fcndin Lilith (7), die ihren Weg \u00fcber den rum\u00e4nischen Tierschutz zu mir fand.<\/p>\n\n\n\n<p>Meinem Traumberuf bin ich seit jeher treu geblieben und unterst\u00fctze nun seit Mai 2020 das Team der Tierarztpraxis Dr. Koch<\/p>\n\n\n\n<figure class=\"wp-block-image size-full is-resized\"><img loading=\"lazy\" decoding=\"async\" width=\"450\" height=\"675\" src=\"http:\/\/www.tierarztpraxis-koch.de\/wp-content\/uploads\/2020\/01\/IMG_6580.jpg\" alt=\"\" class=\"wp-image-48\" style=\"width:172px;height:auto\" srcset=\"http:\/\/www.tierarztpraxis-koch.de\/wp-content\/uploads\/2020\/01\/IMG_6580.jpg 450w, http:\/\/www.tierarztpraxis-koch.de\/wp-content\/uploads\/2020\/01\/IMG_6580-200x300.jpg 200w\" sizes=\"(max-width: 450px) 100vw, 450px\" \/><\/figure>\n\n\n\n<p><strong>Stefanie Doms mit Katze Tipsy<\/strong><\/p>\n","protected":false},"excerpt":{"rendered":"<p>Nachfolgend erfahren Sie, wer wir sind, wie wir arbeiten und stellen Ihnen unsere Leistungen vor. Dr. Christian Koch mit Mops Caramba Selvi Sara Sanlilar mit H\u00fcndin Lilith Meine Ausbildung zur Tiermedizinischen Fachangestellten habe ich von 1990 bis 1993 in einer Steglitzer Tierarztpraxis absolviert und war dort (abgesehen von einer l\u00e4ngeren Kinderpause) bis zum April 2020 &hellip; <\/p>\n<p class=\"link-more\"><a href=\"http:\/\/www.tierarztpraxis-koch.de\/en\/ein-startseiten-abschnitt\/\" class=\"more-link\">Continue reading<span class=\"screen-reader-text\"> &#8220;Unser Team&#8221;<\/span><\/a><\/p>\n","protected":false},"author":2,"featured_media":37,"parent":0,"menu_order":0,"comment_status":"closed","ping_status":"closed","template":"","meta":{"footnotes":""},"translation":{"provider":"WPGlobus","version":"2.12.2","language":"en","enabled_languages":["de","en","tr"],"languages":{"de":{"title":true,"content":true,"excerpt":false},"en":{"title":false,"content":false,"excerpt":false},"tr":{"title":false,"content":false,"excerpt":false}}},"_links":{"self":[{"href":"http:\/\/www.tierarztpraxis-koch.de\/en\/wp-json\/wp\/v2\/pages\/12"}],"collection":[{"href":"http:\/\/www.tierarztpraxis-koch.de\/en\/wp-json\/wp\/v2\/pages"}],"about":[{"href":"http:\/\/www.tierarztpraxis-koch.de\/en\/wp-json\/wp\/v2\/types\/page"}],"author":[{"embeddable":true,"href":"http:\/\/www.tierarztpraxis-koch.de\/en\/wp-json\/wp\/v2\/users\/2"}],"replies":[{"embeddable":true,"href":"http:\/\/www.tierarztpraxis-koch.de\/en\/wp-json\/wp\/v2\/comments?post=12"}],"version-history":[{"count":16,"href":"http:\/\/www.tierarztpraxis-koch.de\/en\/wp-json\/wp\/v2\/pages\/12\/revisions"}],"predecessor-version":[{"id":286,"href":"http:\/\/www.tierarztpraxis-koch.de\/en\/wp-json\/wp\/v2\/pages\/12\/revisions\/286"}],"wp:featuredmedia":[{"embeddable":true,"href":"http:\/\/www.tierarztpraxis-koch.de\/en\/wp-json\/wp\/v2\/media\/37"}],"wp:attachment":[{"href":"http:\/\/www.tierarztpraxis-koch.de\/en\/wp-json\/wp\/v2\/media?parent=12"}],"curies":[{"name":"wp","href":"https:\/\/api.w.org\/{rel}","templated":true}]}}