{"id":102,"date":"2020-01-27T12:15:49","date_gmt":"2020-01-27T11:15:49","guid":{"rendered":"http:\/\/frauenarzt-reinbek.de\/TEST\/wordpress_koch\/?page_id=8"},"modified":"2025-02-24T10:38:10","modified_gmt":"2025-02-24T09:38:10","slug":"startseite","status":"publish","type":"page","link":"http:\/\/www.tierarztpraxis-koch.de\/tr\/","title":{"rendered":"Sizi web sitemize s\u0131cak bir \u015fekilde bekliyoruz. Burada uygulamalar\u0131m\u0131z\u0131 ve hizmetlerimizi sunuyoruz. \u0130yi e\u011flenceler okuyarak!"},"content":{"rendered":"\n<p>Bize 030 \/ 670 37 657 numaral\u0131 telefondan, 030 \/ 670 37 658 numaral\u0131 fakstan veya koch[at]tierarztpraxis-koch.de<\/p>\n\n\n\n<p>Bizi burada bulabilirsiniz: Lichtenrader Damm 39 \u2013 12305 Berlin<\/p>\n\n\n\n<p>L\u00fctfen dikkat: Tatildeyiz! 08-23 Ekim tarihleri aras\u0131nda muayenehanemiz kapal\u0131 olacakt\u0131r.<\/p>\n","protected":false},"excerpt":{"rendered":"<p>Bize 030 \/ 670 37 657 numaral\u0131 telefondan, 030 \/ 670 37 658 numaral\u0131 fakstan veya koch[at]tierarztpraxis-koch.de Bizi burada bulabilirsiniz: Lichtenrader Damm 39 \u2013 12305 Berlin L\u00fctfen dikkat: Tatildeyiz! 08-23 Ekim tarihleri aras\u0131nda muayenehanemiz kapal\u0131 olacakt\u0131r.<\/p>\n","protected":false},"author":2,"featured_media":0,"parent":0,"menu_order":0,"comment_status":"closed","ping_status":"closed","template":"","meta":{"footnotes":""},"translation":{"provider":"WPGlobus","version":"2.12.2","language":"tr","enabled_languages":["de","en","tr"],"languages":{"de":{"title":true,"content":true,"excerpt":false},"en":{"title":false,"content":false,"excerpt":false},"tr":{"title":true,"content":true,"excerpt":false}}},"_links":{"self":[{"href":"http:\/\/www.tierarztpraxis-koch.de\/tr\/wp-json\/wp\/v2\/pages\/102"}],"collection":[{"href":"http:\/\/www.tierarztpraxis-koch.de\/tr\/wp-json\/wp\/v2\/pages"}],"about":[{"href":"http:\/\/www.tierarztpraxis-koch.de\/tr\/wp-json\/wp\/v2\/types\/page"}],"author":[{"embeddable":true,"href":"http:\/\/www.tierarztpraxis-koch.de\/tr\/wp-json\/wp\/v2\/users\/2"}],"replies":[{"embeddable":true,"href":"http:\/\/www.tierarztpraxis-koch.de\/tr\/wp-json\/wp\/v2\/comments?post=102"}],"version-history":[{"count":37,"href":"http:\/\/www.tierarztpraxis-koch.de\/tr\/wp-json\/wp\/v2\/pages\/102\/revisions"}],"predecessor-version":[{"id":277,"href":"http:\/\/www.tierarztpraxis-koch.de\/tr\/wp-json\/wp\/v2\/pages\/102\/revisions\/277"}],"wp:attachment":[{"href":"http:\/\/www.tierarztpraxis-koch.de\/tr\/wp-json\/wp\/v2\/media?parent=102"}],"curies":[{"name":"wp","href":"https:\/\/api.w.org\/{rel}","templated":true}]}}