{"id":74,"date":"2020-01-27T14:18:20","date_gmt":"2020-01-27T13:18:20","guid":{"rendered":"http:\/\/frauenarzt-reinbek.de\/TEST\/wordpress_koch\/?page_id=74"},"modified":"2023-12-15T10:25:28","modified_gmt":"2023-12-15T09:25:28","slug":"impressum","status":"publish","type":"page","link":"http:\/\/www.tierarztpraxis-koch.de\/tr\/impressum\/","title":{"rendered":"Impressum\/Kontakt"},"content":{"rendered":"\n<p>F\u00dcR DEN INHALT VERANTWORTLICH<\/p>\n\n\n\n<p>Gem\u00e4\u00df \u00a7 55 Absatz 2 RStV: Dr. Christian Koch<\/p>\n\n\n\n<p>FIRMENSITZ\/ ADRESSE<\/p>\n\n\n\n<p>Lichtenrader Damm 39 (Bus M76 vor dem Haus)<br>12305 Berlin-Lichtenrade<br><\/p>\n\n\n\n<p>Kontakt<br>Tel.: 030\/67037657<br>Fax: 030\/67037658<br>E-Mail: tierarztpraxisdrkoch[at]web.de<\/p>\n\n\n\n<p>BERUFSRECHTLICHE REGELUNGEN<\/p>\n\n\n\n<p>Berufsbezeichnung: Tierarzt (verliehen in Deutschland)<\/p>\n\n\n\n<p>ZUST\u00c4NDIGE AUFSICHTSBEH\u00d6RDE<\/p>\n\n\n\n<p>Tier\u00e4rztekammer Berlin, Sickingenstr. 1, 10553 Berlin<br>\nwww.tieraerztekammer-berlin.de<\/p>\n\n\n\n<p>Berufsrechtliche Regelung ist die Berufsordnung der Tier\u00e4rztekammer Berlin<\/p>\n\n\n\n<p>HAFTUNGSAUSSCHLUSS<\/p>\n\n\n\n<p>Trotz sorgf\u00e4ltiger Pr\u00fcfung k\u00f6nnen wir keine Haftung f\u00fcr die Inhalte externer Links \u00fcbernehmen. F\u00fcr den Inhalt der verlinkten Seiten sind ausschlie\u00dflich deren Betreiber verantwortlich.<\/p>\n\n\n\n<p>UMSATZSTEUER-IDENTIFIKATIONSNUMMER<\/p>\n\n\n\n<p>21\/388\/62601<\/p>\n","protected":false},"excerpt":{"rendered":"<p>F\u00dcR DEN INHALT VERANTWORTLICH Gem\u00e4\u00df \u00a7 55 Absatz 2 RStV: Dr. Christian Koch FIRMENSITZ\/ ADRESSE Lichtenrader Damm 39 (Bus M76 vor dem Haus)12305 Berlin-Lichtenrade KontaktTel.: 030\/67037657Fax: 030\/67037658E-Mail: tierarztpraxisdrkoch[at]web.de BERUFSRECHTLICHE REGELUNGEN Berufsbezeichnung: Tierarzt (verliehen in Deutschland) ZUST\u00c4NDIGE AUFSICHTSBEH\u00d6RDE Tier\u00e4rztekammer Berlin, Sickingenstr. 1, 10553 Berlin www.tieraerztekammer-berlin.de Berufsrechtliche Regelung ist die Berufsordnung der Tier\u00e4rztekammer Berlin HAFTUNGSAUSSCHLUSS Trotz sorgf\u00e4ltiger &hellip; <\/p>\n<p class=\"link-more\"><a href=\"http:\/\/www.tierarztpraxis-koch.de\/tr\/impressum\/\" class=\"more-link\">Continue reading<span class=\"screen-reader-text\"> &#8220;Impressum\/Kontakt&#8221;<\/span><\/a><\/p>\n","protected":false},"author":2,"featured_media":0,"parent":0,"menu_order":0,"comment_status":"closed","ping_status":"closed","template":"","meta":{"footnotes":""},"translation":{"provider":"WPGlobus","version":"2.12.2","language":"tr","enabled_languages":["de","en","tr"],"languages":{"de":{"title":true,"content":true,"excerpt":false},"en":{"title":false,"content":false,"excerpt":false},"tr":{"title":false,"content":false,"excerpt":false}}},"_links":{"self":[{"href":"http:\/\/www.tierarztpraxis-koch.de\/tr\/wp-json\/wp\/v2\/pages\/74"}],"collection":[{"href":"http:\/\/www.tierarztpraxis-koch.de\/tr\/wp-json\/wp\/v2\/pages"}],"about":[{"href":"http:\/\/www.tierarztpraxis-koch.de\/tr\/wp-json\/wp\/v2\/types\/page"}],"author":[{"embeddable":true,"href":"http:\/\/www.tierarztpraxis-koch.de\/tr\/wp-json\/wp\/v2\/users\/2"}],"replies":[{"embeddable":true,"href":"http:\/\/www.tierarztpraxis-koch.de\/tr\/wp-json\/wp\/v2\/comments?post=74"}],"version-history":[{"count":2,"href":"http:\/\/www.tierarztpraxis-koch.de\/tr\/wp-json\/wp\/v2\/pages\/74\/revisions"}],"predecessor-version":[{"id":235,"href":"http:\/\/www.tierarztpraxis-koch.de\/tr\/wp-json\/wp\/v2\/pages\/74\/revisions\/235"}],"wp:attachment":[{"href":"http:\/\/www.tierarztpraxis-koch.de\/tr\/wp-json\/wp\/v2\/media?parent=74"}],"curies":[{"name":"wp","href":"https:\/\/api.w.org\/{rel}","templated":true}]}}